{"id":175,"date":"2020-05-20T18:35:10","date_gmt":"2020-05-20T16:35:10","guid":{"rendered":"http:\/\/jankrehak.cz\/?page_id=175"},"modified":"2025-09-09T08:06:08","modified_gmt":"2025-09-09T06:06:08","slug":"bio","status":"publish","type":"page","link":"https:\/\/jankrehak.cz\/cs\/bio\/","title":{"rendered":"BIO"},"content":{"rendered":"\n<p class=\"has-text-align-center has-black-color has-white-background-color has-text-color has-background\">Svou cestu pomoci lidem se zdravotn\u00edmi probl\u00e9my jsem za\u010dal studiem Reiki. Tehdy jsem si uv\u011bdomil, \u017ee se chci d\u00e1le vzd\u011bl\u00e1vat a v\u011bnovat se lidsk\u00e9mu t\u011blu z celostn\u00edho pohledu, proto jsem nastoupil na studium 1. \u0161koly tradi\u010dn\u00ed \u010d\u00ednsk\u00e9 medic\u00edny v Praze. Nyn\u00ed se zam\u011b\u0159uji na jednu z oblast\u00ed tradi\u010dn\u00ed \u010d\u00ednsk\u00e9 medic\u00edny, a sice mas\u00e1\u017e tuina, b\u0159i\u0161n\u00ed a Tungovu akupunkturu, kter\u00e1 klient\u016fm pom\u00e1h\u00e1 p\u0159i r\u016fzn\u00fdch probl\u00e9mech, nejen pohybov\u00e9ho apar\u00e1tu. V\u011b\u0159\u00edm a jsem p\u0159esv\u011bd\u010den, \u017ee tato alternativn\u00ed profese p\u0159in\u00e1\u0161\u00ed pozitivn\u00ed v\u00fdsledky a bude m\u011b prov\u00e1zet cel\u00fdm \u017eivotem. Klient\u016fm rad\u00edm s v\u00fdb\u011brem bylin a medicin\u00e1ln\u00edch hub.<\/p>\n\n\n\n<p class=\"has-text-align-center has-black-color has-text-color\"><strong>Vzd\u011bl\u00e1n\u00ed:<\/strong><\/p>\n\n\n\n<p class=\"has-text-align-center has-black-color has-text-color\"> studium T\u010cM<\/p>\n\n\n\n<p class=\"has-text-align-center has-black-color has-text-color\"><strong>Certifik\u00e1ty:<\/strong><\/p>\n\n\n\n<p class=\"has-text-align-center has-black-color has-text-color\">L\u00e9\u010dba bolesti <\/p>\n\n\n\n<p class=\"has-text-align-center has-black-color has-text-color\">mas\u00e1\u017ee (sportovn\u00ed, rekondi\u010dn\u00ed, ba\u0148kov\u00e1n\u00ed, mas\u00e1\u017ee hlavy)<\/p>\n\n\n\n<p class=\"has-text-align-center has-black-color has-text-color\">tuina mas\u00e1\u017ee<\/p>\n\n\n\n<p class=\"has-text-align-center has-black-color has-text-color\">Elektroakupunktura<\/p>\n\n\n\n<p class=\"has-text-align-center has-black-color has-text-color\">Tungova akupunktura<\/p>\n\n\n\n<p class=\"has-text-align-center has-black-color has-text-color\">\u0159e\u0161en\u00ed tr\u00e1v\u00edc\u00edch obt\u00ed\u017e\u00ed a chronick\u00e9 \u00fanavy<\/p>\n\n\n\n<figure class=\"wp-block-gallery has-nested-images columns-3 is-cropped wp-block-gallery-1 is-layout-flex wp-block-gallery-is-layout-flex\">\n<figure class=\"wp-block-image size-large\"><img loading=\"lazy\" decoding=\"async\" width=\"1333\" height=\"2000\" data-id=\"287\" src=\"http:\/\/jankrehak.cz\/wp-content\/uploads\/IMG_5584-1-1333x2000.jpg\" alt=\"\" class=\"wp-image-287\" srcset=\"https:\/\/jankrehak.cz\/wp-content\/uploads\/IMG_5584-1-1333x2000.jpg 1333w, https:\/\/jankrehak.cz\/wp-content\/uploads\/IMG_5584-1-200x300.jpg 200w, https:\/\/jankrehak.cz\/wp-content\/uploads\/IMG_5584-1-768x1152.jpg 768w, https:\/\/jankrehak.cz\/wp-content\/uploads\/IMG_5584-1-1024x1536.jpg 1024w, https:\/\/jankrehak.cz\/wp-content\/uploads\/IMG_5584-1-1365x2048.jpg 1365w, https:\/\/jankrehak.cz\/wp-content\/uploads\/IMG_5584-1-scaled.jpg 1707w\" sizes=\"auto, (max-width: 1333px) 100vw, 1333px\" \/><\/figure>\n\n\n\n<figure class=\"wp-block-image size-large\"><img loading=\"lazy\" decoding=\"async\" width=\"1333\" height=\"2000\" data-id=\"291\" src=\"http:\/\/jankrehak.cz\/wp-content\/uploads\/IMG_5713-1-1333x2000.jpg\" alt=\"\" class=\"wp-image-291\" srcset=\"https:\/\/jankrehak.cz\/wp-content\/uploads\/IMG_5713-1-1333x2000.jpg 1333w, https:\/\/jankrehak.cz\/wp-content\/uploads\/IMG_5713-1-200x300.jpg 200w, https:\/\/jankrehak.cz\/wp-content\/uploads\/IMG_5713-1-768x1152.jpg 768w, https:\/\/jankrehak.cz\/wp-content\/uploads\/IMG_5713-1-1024x1536.jpg 1024w, https:\/\/jankrehak.cz\/wp-content\/uploads\/IMG_5713-1-1365x2048.jpg 1365w, https:\/\/jankrehak.cz\/wp-content\/uploads\/IMG_5713-1-scaled.jpg 1707w\" sizes=\"auto, (max-width: 1333px) 100vw, 1333px\" \/><\/figure>\n\n\n\n<figure class=\"wp-block-image size-large\"><img loading=\"lazy\" decoding=\"async\" width=\"1333\" height=\"2000\" data-id=\"433\" src=\"http:\/\/jankrehak.cz\/wp-content\/uploads\/IMG_5715-1333x2000.jpg\" alt=\"\" class=\"wp-image-433\"\/><\/figure>\n<\/figure>\n","protected":false},"excerpt":{"rendered":"<p>Svou cestu pomoci lidem se zdravotn\u00edmi probl\u00e9my jsem za\u010dal studiem Reiki. Tehdy jsem si uv\u011bdomil, \u017ee se chci d\u00e1le vzd\u011bl\u00e1vat a v\u011bnovat se lidsk\u00e9mu t\u011blu z celostn\u00edho pohledu, proto jsem &hellip; <a href=\"https:\/\/jankrehak.cz\/cs\/bio\/\" class=\"more-link\"><span class=\"more-button\"><span class=\"screen-reader-text\">BIO<\/span><\/span><\/a><\/p>\n","protected":false},"author":1,"featured_media":432,"parent":0,"menu_order":0,"comment_status":"closed","ping_status":"closed","template":"","meta":{"footnotes":""},"class_list":["post-175","page","type-page","status-publish","has-post-thumbnail","hentry"],"yoast_head":"<!-- This site is optimized with the Yoast SEO plugin v27.6 - https:\/\/yoast.com\/product\/yoast-seo-wordpress\/ -->\n<title>BIO - Jan Krehak - tradi\u010dn\u00ed \u010d\u00ednsk\u00e1 medic\u00edna<\/title>\n<meta name=\"description\" content=\"Zam\u011b\u0159uji na oblasti tradi\u010dn\u00ed \u010d\u00ednsk\u00e9 medic\u00edny, mas\u00e1\u017e Tuina, elektoakupunkturu a Tungovu akupunkturu, kter\u00e1 pom\u00e1h\u00e1 mimo jin\u00e9 i p\u0159i probl\u00e9mech pohybov\u00e9ho apar\u00e1tu.\" \/>\n<meta name=\"robots\" content=\"index, follow, max-snippet:-1, max-image-preview:large, max-video-preview:-1\" \/>\n<link rel=\"canonical\" href=\"https:\/\/jankrehak.cz\/cs\/bio\/\" \/>\n<meta property=\"og:locale\" content=\"cs_CZ\" \/>\n<meta property=\"og:type\" content=\"article\" \/>\n<meta property=\"og:title\" content=\"Jan Kreh\u00e1k - Tradi\u010dn\u00ed \u010d\u00ednsk\u00e9 mas\u00e1\u017ee\" \/>\n<meta property=\"og:description\" content=\"Jsem terapeut tradi\u010dn\u00ed \u010d\u00ednsk\u00e9 medic\u00edny. Zam\u011b\u0159uji se na akupunkturn\u00ed body a mas\u00e1\u017ee Tuina.\" \/>\n<meta property=\"og:url\" content=\"https:\/\/jankrehak.cz\/cs\/bio\/\" \/>\n<meta property=\"og:site_name\" content=\"Jan Krehak - tradi\u010dn\u00ed \u010d\u00ednsk\u00e1 medic\u00edna\" \/>\n<meta property=\"article:publisher\" content=\"https:\/\/www.facebook.com\/jankrehak.cz\/\" \/>\n<meta property=\"article:modified_time\" content=\"2025-09-09T06:06:08+00:00\" \/>\n<meta property=\"og:image\" content=\"https:\/\/jankrehak.cz\/wp-content\/uploads\/IMG_5678-scaled.jpg\" \/>\n\t<meta property=\"og:image:width\" content=\"1707\" \/>\n\t<meta property=\"og:image:height\" content=\"2560\" \/>\n\t<meta property=\"og:image:type\" content=\"image\/jpeg\" \/>\n<meta name=\"twitter:card\" content=\"summary_large_image\" \/>\n<meta name=\"twitter:label1\" content=\"Odhadovan\u00e1 doba \u010dten\u00ed\" \/>\n\t<meta name=\"twitter:data1\" content=\"2 minuty\" \/>\n<script type=\"application\/ld+json\" class=\"yoast-schema-graph\">{\"@context\":\"https:\\\/\\\/schema.org\",\"@graph\":[{\"@type\":\"WebPage\",\"@id\":\"https:\\\/\\\/jankrehak.cz\\\/bio\\\/\",\"url\":\"https:\\\/\\\/jankrehak.cz\\\/bio\\\/\",\"name\":\"BIO - Jan Krehak - tradi\u010dn\u00ed \u010d\u00ednsk\u00e1 medic\u00edna\",\"isPartOf\":{\"@id\":\"http:\\\/\\\/jankrehak.cz\\\/cs\\\/#website\"},\"primaryImageOfPage\":{\"@id\":\"https:\\\/\\\/jankrehak.cz\\\/bio\\\/#primaryimage\"},\"image\":{\"@id\":\"https:\\\/\\\/jankrehak.cz\\\/bio\\\/#primaryimage\"},\"thumbnailUrl\":\"https:\\\/\\\/jankrehak.cz\\\/wp-content\\\/uploads\\\/J\u00e1n-Kreh\u00e1k-1.jpg\",\"datePublished\":\"2020-05-20T16:35:10+00:00\",\"dateModified\":\"2025-09-09T06:06:08+00:00\",\"description\":\"Zam\u011b\u0159uji na oblasti tradi\u010dn\u00ed \u010d\u00ednsk\u00e9 medic\u00edny, mas\u00e1\u017e Tuina, elektoakupunkturu a Tungovu akupunkturu, kter\u00e1 pom\u00e1h\u00e1 mimo jin\u00e9 i p\u0159i probl\u00e9mech pohybov\u00e9ho apar\u00e1tu.\",\"breadcrumb\":{\"@id\":\"https:\\\/\\\/jankrehak.cz\\\/bio\\\/#breadcrumb\"},\"inLanguage\":\"cs\",\"potentialAction\":[{\"@type\":\"ReadAction\",\"target\":[\"https:\\\/\\\/jankrehak.cz\\\/bio\\\/\"]}]},{\"@type\":\"ImageObject\",\"inLanguage\":\"cs\",\"@id\":\"https:\\\/\\\/jankrehak.cz\\\/bio\\\/#primaryimage\",\"url\":\"https:\\\/\\\/jankrehak.cz\\\/wp-content\\\/uploads\\\/J\u00e1n-Kreh\u00e1k-1.jpg\",\"contentUrl\":\"https:\\\/\\\/jankrehak.cz\\\/wp-content\\\/uploads\\\/J\u00e1n-Kreh\u00e1k-1.jpg\",\"width\":1050,\"height\":600},{\"@type\":\"BreadcrumbList\",\"@id\":\"https:\\\/\\\/jankrehak.cz\\\/bio\\\/#breadcrumb\",\"itemListElement\":[{\"@type\":\"ListItem\",\"position\":1,\"name\":\"Dom\u016f\",\"item\":\"http:\\\/\\\/jankrehak.cz\\\/cs\\\/\"},{\"@type\":\"ListItem\",\"position\":2,\"name\":\"BIO\"}]},{\"@type\":\"WebSite\",\"@id\":\"http:\\\/\\\/jankrehak.cz\\\/cs\\\/#website\",\"url\":\"http:\\\/\\\/jankrehak.cz\\\/cs\\\/\",\"name\":\"Jan Krehak - tradi\u010dn\u00ed \u010d\u00ednsk\u00e1 medic\u00edna\",\"description\":\"Jsem terapeut tradi\u010dn\u00ed \u010d\u00ednsk\u00e9 medic\u00edny. Zam\u011b\u0159uji se na akupunkturn\u00ed body a mas\u00e1\u017ee Tuina.\",\"publisher\":{\"@id\":\"http:\\\/\\\/jankrehak.cz\\\/cs\\\/#organization\"},\"potentialAction\":[{\"@type\":\"SearchAction\",\"target\":{\"@type\":\"EntryPoint\",\"urlTemplate\":\"http:\\\/\\\/jankrehak.cz\\\/cs\\\/?s={search_term_string}\"},\"query-input\":{\"@type\":\"PropertyValueSpecification\",\"valueRequired\":true,\"valueName\":\"search_term_string\"}}],\"inLanguage\":\"cs\"},{\"@type\":\"Organization\",\"@id\":\"http:\\\/\\\/jankrehak.cz\\\/cs\\\/#organization\",\"name\":\"Jan Krehak - tradi\u010dn\u00ed \u010d\u00ednsk\u00e1 medic\u00edna\",\"url\":\"http:\\\/\\\/jankrehak.cz\\\/cs\\\/\",\"logo\":{\"@type\":\"ImageObject\",\"inLanguage\":\"cs\",\"@id\":\"http:\\\/\\\/jankrehak.cz\\\/cs\\\/#\\\/schema\\\/logo\\\/image\\\/\",\"url\":\"http:\\\/\\\/jankrehak.cz\\\/wp-content\\\/uploads\\\/cropped-cropped-Jan-Krehak-1.jpg\",\"contentUrl\":\"http:\\\/\\\/jankrehak.cz\\\/wp-content\\\/uploads\\\/cropped-cropped-Jan-Krehak-1.jpg\",\"width\":512,\"height\":512,\"caption\":\"Jan Krehak - tradi\u010dn\u00ed \u010d\u00ednsk\u00e1 medic\u00edna\"},\"image\":{\"@id\":\"http:\\\/\\\/jankrehak.cz\\\/cs\\\/#\\\/schema\\\/logo\\\/image\\\/\"},\"sameAs\":[\"https:\\\/\\\/www.facebook.com\\\/jankrehak.cz\\\/\",\"https:\\\/\\\/www.instagram.com\\\/masaze_jk\\\/\"]}]}<\/script>\n<!-- \/ Yoast SEO plugin. -->","yoast_head_json":{"title":"BIO - Jan Krehak - tradi\u010dn\u00ed \u010d\u00ednsk\u00e1 medic\u00edna","description":"Zam\u011b\u0159uji na oblasti tradi\u010dn\u00ed \u010d\u00ednsk\u00e9 medic\u00edny, mas\u00e1\u017e Tuina, elektoakupunkturu a Tungovu akupunkturu, kter\u00e1 pom\u00e1h\u00e1 mimo jin\u00e9 i p\u0159i probl\u00e9mech pohybov\u00e9ho apar\u00e1tu.","robots":{"index":"index","follow":"follow","max-snippet":"max-snippet:-1","max-image-preview":"max-image-preview:large","max-video-preview":"max-video-preview:-1"},"canonical":"https:\/\/jankrehak.cz\/cs\/bio\/","og_locale":"cs_CZ","og_type":"article","og_title":"Jan Kreh\u00e1k - Tradi\u010dn\u00ed \u010d\u00ednsk\u00e9 mas\u00e1\u017ee","og_description":"Jsem terapeut tradi\u010dn\u00ed \u010d\u00ednsk\u00e9 medic\u00edny. Zam\u011b\u0159uji se na akupunkturn\u00ed body a mas\u00e1\u017ee Tuina.","og_url":"https:\/\/jankrehak.cz\/cs\/bio\/","og_site_name":"Jan Krehak - tradi\u010dn\u00ed \u010d\u00ednsk\u00e1 medic\u00edna","article_publisher":"https:\/\/www.facebook.com\/jankrehak.cz\/","article_modified_time":"2025-09-09T06:06:08+00:00","og_image":[{"width":1707,"height":2560,"url":"https:\/\/jankrehak.cz\/wp-content\/uploads\/IMG_5678-scaled.jpg","type":"image\/jpeg"}],"twitter_card":"summary_large_image","twitter_misc":{"Odhadovan\u00e1 doba \u010dten\u00ed":"2 minuty"},"schema":{"@context":"https:\/\/schema.org","@graph":[{"@type":"WebPage","@id":"https:\/\/jankrehak.cz\/bio\/","url":"https:\/\/jankrehak.cz\/bio\/","name":"BIO - Jan Krehak - tradi\u010dn\u00ed \u010d\u00ednsk\u00e1 medic\u00edna","isPartOf":{"@id":"http:\/\/jankrehak.cz\/cs\/#website"},"primaryImageOfPage":{"@id":"https:\/\/jankrehak.cz\/bio\/#primaryimage"},"image":{"@id":"https:\/\/jankrehak.cz\/bio\/#primaryimage"},"thumbnailUrl":"https:\/\/jankrehak.cz\/wp-content\/uploads\/J\u00e1n-Kreh\u00e1k-1.jpg","datePublished":"2020-05-20T16:35:10+00:00","dateModified":"2025-09-09T06:06:08+00:00","description":"Zam\u011b\u0159uji na oblasti tradi\u010dn\u00ed \u010d\u00ednsk\u00e9 medic\u00edny, mas\u00e1\u017e Tuina, elektoakupunkturu a Tungovu akupunkturu, kter\u00e1 pom\u00e1h\u00e1 mimo jin\u00e9 i p\u0159i probl\u00e9mech pohybov\u00e9ho apar\u00e1tu.","breadcrumb":{"@id":"https:\/\/jankrehak.cz\/bio\/#breadcrumb"},"inLanguage":"cs","potentialAction":[{"@type":"ReadAction","target":["https:\/\/jankrehak.cz\/bio\/"]}]},{"@type":"ImageObject","inLanguage":"cs","@id":"https:\/\/jankrehak.cz\/bio\/#primaryimage","url":"https:\/\/jankrehak.cz\/wp-content\/uploads\/J\u00e1n-Kreh\u00e1k-1.jpg","contentUrl":"https:\/\/jankrehak.cz\/wp-content\/uploads\/J\u00e1n-Kreh\u00e1k-1.jpg","width":1050,"height":600},{"@type":"BreadcrumbList","@id":"https:\/\/jankrehak.cz\/bio\/#breadcrumb","itemListElement":[{"@type":"ListItem","position":1,"name":"Dom\u016f","item":"http:\/\/jankrehak.cz\/cs\/"},{"@type":"ListItem","position":2,"name":"BIO"}]},{"@type":"WebSite","@id":"http:\/\/jankrehak.cz\/cs\/#website","url":"http:\/\/jankrehak.cz\/cs\/","name":"Jan Krehak - tradi\u010dn\u00ed \u010d\u00ednsk\u00e1 medic\u00edna","description":"Jsem terapeut tradi\u010dn\u00ed \u010d\u00ednsk\u00e9 medic\u00edny. Zam\u011b\u0159uji se na akupunkturn\u00ed body a mas\u00e1\u017ee Tuina.","publisher":{"@id":"http:\/\/jankrehak.cz\/cs\/#organization"},"potentialAction":[{"@type":"SearchAction","target":{"@type":"EntryPoint","urlTemplate":"http:\/\/jankrehak.cz\/cs\/?s={search_term_string}"},"query-input":{"@type":"PropertyValueSpecification","valueRequired":true,"valueName":"search_term_string"}}],"inLanguage":"cs"},{"@type":"Organization","@id":"http:\/\/jankrehak.cz\/cs\/#organization","name":"Jan Krehak - tradi\u010dn\u00ed \u010d\u00ednsk\u00e1 medic\u00edna","url":"http:\/\/jankrehak.cz\/cs\/","logo":{"@type":"ImageObject","inLanguage":"cs","@id":"http:\/\/jankrehak.cz\/cs\/#\/schema\/logo\/image\/","url":"http:\/\/jankrehak.cz\/wp-content\/uploads\/cropped-cropped-Jan-Krehak-1.jpg","contentUrl":"http:\/\/jankrehak.cz\/wp-content\/uploads\/cropped-cropped-Jan-Krehak-1.jpg","width":512,"height":512,"caption":"Jan Krehak - tradi\u010dn\u00ed \u010d\u00ednsk\u00e1 medic\u00edna"},"image":{"@id":"http:\/\/jankrehak.cz\/cs\/#\/schema\/logo\/image\/"},"sameAs":["https:\/\/www.facebook.com\/jankrehak.cz\/","https:\/\/www.instagram.com\/masaze_jk\/"]}]}},"_links":{"self":[{"href":"https:\/\/jankrehak.cz\/cs\/wp-json\/wp\/v2\/pages\/175","targetHints":{"allow":["GET"]}}],"collection":[{"href":"https:\/\/jankrehak.cz\/cs\/wp-json\/wp\/v2\/pages"}],"about":[{"href":"https:\/\/jankrehak.cz\/cs\/wp-json\/wp\/v2\/types\/page"}],"author":[{"embeddable":true,"href":"https:\/\/jankrehak.cz\/cs\/wp-json\/wp\/v2\/users\/1"}],"replies":[{"embeddable":true,"href":"https:\/\/jankrehak.cz\/cs\/wp-json\/wp\/v2\/comments?post=175"}],"version-history":[{"count":17,"href":"https:\/\/jankrehak.cz\/cs\/wp-json\/wp\/v2\/pages\/175\/revisions"}],"predecessor-version":[{"id":589,"href":"https:\/\/jankrehak.cz\/cs\/wp-json\/wp\/v2\/pages\/175\/revisions\/589"}],"wp:featuredmedia":[{"embeddable":true,"href":"https:\/\/jankrehak.cz\/cs\/wp-json\/wp\/v2\/media\/432"}],"wp:attachment":[{"href":"https:\/\/jankrehak.cz\/cs\/wp-json\/wp\/v2\/media?parent=175"}],"curies":[{"name":"wp","href":"https:\/\/api.w.org\/{rel}","templated":true}]}}