{"id":8,"date":"2020-05-18T09:43:25","date_gmt":"2020-05-18T07:43:25","guid":{"rendered":"http:\/\/jankrehak.cz\/?page_id=8"},"modified":"2025-09-14T11:50:22","modified_gmt":"2025-09-14T09:50:22","slug":"sluzby","status":"publish","type":"page","link":"https:\/\/jankrehak.cz\/cs\/sluzby\/","title":{"rendered":"SLU\u017dBY"},"content":{"rendered":"<h3 style=\"text-align: center;\"><span style=\"color: #000000;\">Terapie:<\/span><\/h3>\n<h4><span style=\"color: #000000;\"><strong>Vstupn\u00ed vy\u0161et\u0159en\u00ed T\u010cM + stimulace akupunkturn\u00edch bod\u016f<\/strong><\/span><\/h4>\n<h6><span style=\"color: #000000;\">Vstupn\u00ed vy\u0161et\u0159en\u00ed se prov\u00e1d\u00ed dle pravidel tradi\u010dn\u00ed \u010d\u00ednsk\u00e9 medic\u00edny dotazovan\u00edm, vy\u0161et\u0159en\u00edm pulzu, jazyka a doporu\u010d\u00ed se dal\u0161\u00ed postup terapi\u00ed.<\/span><\/h6>\n<ul>\n<li><span style=\"color: #000000;\">60 &#8211; 90 minut &#8211; 1500 CZK<\/span><\/li>\n<\/ul>\n<h6><\/h6>\n<ul>\n<li><strong><span style=\"color: #000000; font-family: 'Josefin Sans', sans-serif; font-size: 1.25rem;\">Stimulace akupunkturn\u00edch bod\u016f-opakovan\u00e1 terapie\u00a0<\/span><\/strong><\/li>\n<\/ul>\n<h6><span style=\"color: #000000;\">Stimulace akupunkturn\u00edch bod\u016f podporuje neru\u0161en\u00fd tok energie \u010dchi t\u011blem. Akupunkturn\u00ed body jsou propojeny s jednotliv\u00fdmi org\u00e1ny nebo jin\u00fdmi \u010d\u00e1stmi organismu, kter\u00e9 dok\u00e1\u017e\u00ed ovliv\u0148ovat. T\u00edmto zp\u016fsobem lze l\u00e9\u010dit \u0161irok\u00e9\u00a0spektrum obt\u00ed\u017e\u00ed.<\/span><\/h6>\n<ul>\n<li><span style=\"color: #000000;\">60 minut &#8211; 1000 CZK<\/span><\/li>\n<\/ul>\n<h3 style=\"text-align: center;\"><span style=\"color: #000000;\"><strong>Mas\u00e1\u017ee:<\/strong><\/span><\/h3>\n<h4 style=\"text-align: left;\"><span style=\"color: #000000;\">\u010c\u00ednsk\u00e1 mas\u00e1\u017e tuina<\/span><\/h4>\n<h6 style=\"text-align: left;\"><span style=\"color: #000000;\">\u010c\u00ednsk\u00e1 mas\u00e1\u017e tuina pracuje se syst\u00e9mem akupunkturn\u00edch drah a bod\u016f a nab\u00edzej\u00ed mnoho mo\u017enost\u00ed, jak ovlivnit zdrav\u00ed t\u011bla i ducha. C\u00edlem mas\u00e1\u017ei tuina je obnovit tok energie \u010dchi v dr\u00e1h\u00e1ch, a tak navr\u00e1tit zdrav\u00ed organismu.<\/span><\/h6>\n<ul>\n<li style=\"text-align: left;\"><span style=\"color: #000000;\">60 minut &#8211; 1500 CZK<\/span><\/li>\n<li style=\"text-align: left;\"><span style=\"color: #000000;\">90 minut &#8211; 2000 CZK<\/span><\/li>\n<\/ul>\n<h4 style=\"text-align: left;\"><span style=\"color: #000000;\">Sportovn\u00ed a Rekondi\u010dn\u00ed mas\u00e1\u017e &#8211; r\u016fzn\u00e9 techniky uvol\u0148ov\u00e1n\u00ed &#8211; mas\u00e1\u017e, ba\u0148ky, stimulace akupunkturn\u00edch bod\u016f, moxov\u00e1n\u00ed, guasha<\/span><\/h4>\n<h6 style=\"text-align: left;\"><span style=\"color: #000000;\">Klasick\u00e1 sportovn\u00ed mas\u00e1\u017e je ur\u010den\u00e1 k regeneraci, uvoln\u011bn\u00ed a zklidn\u011bn\u00ed organismu. P\u0159isp\u00edv\u00e1 k rychl\u00e9mu l\u00e9\u010den\u00ed zran\u011bn\u00ed a p\u0159edejde jejich vzniku, takt\u00e9\u017e\u00a0napom\u016f\u017ee k bezprobl\u00e9mov\u00e9 funkci pohybov\u00e9ho apar\u00e1tu.<\/span><\/h6>\n<ul>\n<li style=\"text-align: left;\"><span style=\"color: #000000;\">60 minut &#8211; 1500 CZK<\/span><\/li>\n<li style=\"text-align: left;\"><span style=\"color: #000000;\">90 minut &#8211; 2000 CZK<\/span><\/li>\n<\/ul>\n<h4 style=\"text-align: left;\"><span style=\"color: #000000;\">Relaxa\u010dn\u00ed mas\u00e1\u017e<\/span><\/h4>\n<h6 style=\"text-align: left;\"><span style=\"color: #000000;\">Relaxa\u010dn\u00ed mas\u00e1\u017e je prost\u0159edkem v boji proti stresu, nap\u011bt\u00ed, vznikaj\u00edc\u00edm traumat\u016fm a nemocem. Pom\u00e1h\u00e1 uvolnit mysl i t\u011blo, pos\u00edlit vitalitu a zlep\u0161it fyzick\u00fd i psychick\u00fd stav organismu.<\/span><\/h6>\n<ul>\n<li style=\"text-align: left;\"><span style=\"color: #000000;\">60 minut &#8211; 1500 CZK<\/span><\/li>\n<li style=\"text-align: left;\"><span style=\"color: #000000;\">90 minut &#8211; 2000 CZK<\/span><\/li>\n<\/ul>\n<h4 style=\"text-align: left;\"><span style=\"color: #000000;\">Ba\u0148kov\u00e1n\u00ed<\/span><\/h4>\n<h6 style=\"text-align: left;\"><span style=\"color: #000000;\">Prov\u00e1d\u00ed se pomoc\u00ed r\u016fzn\u011b velk\u00fdch sklen\u011bn\u00fdch ban\u011bk, je\u017e se zah\u0159ej\u00ed a p\u0159ilo\u017e\u00ed na k\u016f\u017ei. Doch\u00e1z\u00ed k prokrven\u00ed tk\u00e1n\u00ed, t\u00edm dos\u00e1hneme po\u017eadovan\u00e9ho l\u00e9\u010debn\u00e9ho efektu. Ba\u0148kov\u00e1n\u00ed m\u00edrn\u00ed bolesti a prost\u0159ednictv\u00edm reflex\u016f poko\u017eky nav\u00edc stimuluje i vnit\u0159n\u00ed org\u00e1ny.<\/span><\/h6>\n<ul>\n<li style=\"text-align: left;\"><span style=\"color: #000000;\">40 minut &#8211; 850 CZK<\/span><\/li>\n<\/ul>\n<h5 style=\"text-align: left;\"><\/h5>\n","protected":false},"excerpt":{"rendered":"<p>Terapie: Vstupn\u00ed vy\u0161et\u0159en\u00ed T\u010cM + stimulace akupunkturn\u00edch bod\u016f Vstupn\u00ed vy\u0161et\u0159en\u00ed se prov\u00e1d\u00ed dle pravidel tradi\u010dn\u00ed \u010d\u00ednsk\u00e9 medic\u00edny dotazovan\u00edm, vy\u0161et\u0159en\u00edm pulzu, jazyka a doporu\u010d\u00ed se dal\u0161\u00ed postup terapi\u00ed. 60 &#8211; 90 &hellip; <a href=\"https:\/\/jankrehak.cz\/cs\/sluzby\/\" class=\"more-link\"><span class=\"more-button\"><span class=\"screen-reader-text\">SLU\u017dBY<\/span><\/span><\/a><\/p>\n","protected":false},"author":1,"featured_media":432,"parent":0,"menu_order":0,"comment_status":"closed","ping_status":"closed","template":"","meta":{"footnotes":""},"class_list":["post-8","page","type-page","status-publish","has-post-thumbnail","hentry"],"yoast_head":"<!-- This site is optimized with the Yoast SEO plugin v27.6 - https:\/\/yoast.com\/product\/yoast-seo-wordpress\/ -->\n<title>Jan Krehak - tradi\u010dn\u00ed \u010d\u00ednsk\u00e1 medic\u00edna (SLU\u017dBY)<\/title>\n<meta name=\"description\" content=\"Jsem terapeut tradi\u010dn\u00ed \u010d\u00ednsk\u00e9 medic\u00edny. Zam\u011b\u0159uji se na akupunkturn\u00ed body a mas\u00e1\u017ee Tuina.\" \/>\n<meta name=\"robots\" content=\"index, follow, max-snippet:-1, max-image-preview:large, max-video-preview:-1\" \/>\n<link rel=\"canonical\" href=\"https:\/\/jankrehak.cz\/cs\/sluzby\/\" \/>\n<meta property=\"og:locale\" content=\"cs_CZ\" \/>\n<meta property=\"og:type\" content=\"article\" \/>\n<meta property=\"og:title\" content=\"Jan Krehak - tradi\u010dn\u00ed \u010d\u00ednsk\u00e1 medic\u00edna (SLU\u017dBY)\" \/>\n<meta property=\"og:description\" content=\"Jsem terapeut tradi\u010dn\u00ed \u010d\u00ednsk\u00e9 medic\u00edny. Zam\u011b\u0159uji se na akupunkturn\u00ed body a mas\u00e1\u017ee Tuina.\" \/>\n<meta property=\"og:url\" content=\"https:\/\/jankrehak.cz\/cs\/sluzby\/\" \/>\n<meta property=\"og:site_name\" content=\"Jan Krehak - tradi\u010dn\u00ed \u010d\u00ednsk\u00e1 medic\u00edna\" \/>\n<meta property=\"article:publisher\" content=\"https:\/\/www.facebook.com\/jankrehak.cz\/\" \/>\n<meta property=\"article:modified_time\" content=\"2025-09-14T09:50:22+00:00\" \/>\n<meta property=\"og:image\" content=\"https:\/\/jankrehak.cz\/wp-content\/uploads\/J\u00e1n-Kreh\u00e1k-1.jpg\" \/>\n\t<meta property=\"og:image:width\" content=\"1050\" \/>\n\t<meta property=\"og:image:height\" content=\"600\" \/>\n\t<meta property=\"og:image:type\" content=\"image\/jpeg\" \/>\n<meta name=\"twitter:card\" content=\"summary_large_image\" \/>\n<meta name=\"twitter:label1\" content=\"Odhadovan\u00e1 doba \u010dten\u00ed\" \/>\n\t<meta name=\"twitter:data1\" content=\"2 minuty\" \/>\n<script type=\"application\/ld+json\" class=\"yoast-schema-graph\">{\"@context\":\"https:\\\/\\\/schema.org\",\"@graph\":[{\"@type\":\"WebPage\",\"@id\":\"https:\\\/\\\/jankrehak.cz\\\/sluzby\\\/\",\"url\":\"https:\\\/\\\/jankrehak.cz\\\/sluzby\\\/\",\"name\":\"Jan Krehak - tradi\u010dn\u00ed \u010d\u00ednsk\u00e1 medic\u00edna (SLU\u017dBY)\",\"isPartOf\":{\"@id\":\"http:\\\/\\\/jankrehak.cz\\\/cs\\\/#website\"},\"primaryImageOfPage\":{\"@id\":\"https:\\\/\\\/jankrehak.cz\\\/sluzby\\\/#primaryimage\"},\"image\":{\"@id\":\"https:\\\/\\\/jankrehak.cz\\\/sluzby\\\/#primaryimage\"},\"thumbnailUrl\":\"https:\\\/\\\/jankrehak.cz\\\/wp-content\\\/uploads\\\/J\u00e1n-Kreh\u00e1k-1.jpg\",\"datePublished\":\"2020-05-18T07:43:25+00:00\",\"dateModified\":\"2025-09-14T09:50:22+00:00\",\"description\":\"Jsem terapeut tradi\u010dn\u00ed \u010d\u00ednsk\u00e9 medic\u00edny. Zam\u011b\u0159uji se na akupunkturn\u00ed body a mas\u00e1\u017ee Tuina.\",\"breadcrumb\":{\"@id\":\"https:\\\/\\\/jankrehak.cz\\\/sluzby\\\/#breadcrumb\"},\"inLanguage\":\"cs\",\"potentialAction\":[{\"@type\":\"ReadAction\",\"target\":[\"https:\\\/\\\/jankrehak.cz\\\/sluzby\\\/\"]}]},{\"@type\":\"ImageObject\",\"inLanguage\":\"cs\",\"@id\":\"https:\\\/\\\/jankrehak.cz\\\/sluzby\\\/#primaryimage\",\"url\":\"https:\\\/\\\/jankrehak.cz\\\/wp-content\\\/uploads\\\/J\u00e1n-Kreh\u00e1k-1.jpg\",\"contentUrl\":\"https:\\\/\\\/jankrehak.cz\\\/wp-content\\\/uploads\\\/J\u00e1n-Kreh\u00e1k-1.jpg\",\"width\":1050,\"height\":600},{\"@type\":\"BreadcrumbList\",\"@id\":\"https:\\\/\\\/jankrehak.cz\\\/sluzby\\\/#breadcrumb\",\"itemListElement\":[{\"@type\":\"ListItem\",\"position\":1,\"name\":\"Dom\u016f\",\"item\":\"http:\\\/\\\/jankrehak.cz\\\/cs\\\/\"},{\"@type\":\"ListItem\",\"position\":2,\"name\":\"SLU\u017dBY\"}]},{\"@type\":\"WebSite\",\"@id\":\"http:\\\/\\\/jankrehak.cz\\\/cs\\\/#website\",\"url\":\"http:\\\/\\\/jankrehak.cz\\\/cs\\\/\",\"name\":\"Jan Krehak - tradi\u010dn\u00ed \u010d\u00ednsk\u00e1 medic\u00edna\",\"description\":\"Jsem terapeut tradi\u010dn\u00ed \u010d\u00ednsk\u00e9 medic\u00edny. Zam\u011b\u0159uji se na akupunkturn\u00ed body a mas\u00e1\u017ee Tuina.\",\"publisher\":{\"@id\":\"http:\\\/\\\/jankrehak.cz\\\/cs\\\/#organization\"},\"potentialAction\":[{\"@type\":\"SearchAction\",\"target\":{\"@type\":\"EntryPoint\",\"urlTemplate\":\"http:\\\/\\\/jankrehak.cz\\\/cs\\\/?s={search_term_string}\"},\"query-input\":{\"@type\":\"PropertyValueSpecification\",\"valueRequired\":true,\"valueName\":\"search_term_string\"}}],\"inLanguage\":\"cs\"},{\"@type\":\"Organization\",\"@id\":\"http:\\\/\\\/jankrehak.cz\\\/cs\\\/#organization\",\"name\":\"Jan Krehak - tradi\u010dn\u00ed \u010d\u00ednsk\u00e1 medic\u00edna\",\"url\":\"http:\\\/\\\/jankrehak.cz\\\/cs\\\/\",\"logo\":{\"@type\":\"ImageObject\",\"inLanguage\":\"cs\",\"@id\":\"http:\\\/\\\/jankrehak.cz\\\/cs\\\/#\\\/schema\\\/logo\\\/image\\\/\",\"url\":\"http:\\\/\\\/jankrehak.cz\\\/wp-content\\\/uploads\\\/cropped-cropped-Jan-Krehak-1.jpg\",\"contentUrl\":\"http:\\\/\\\/jankrehak.cz\\\/wp-content\\\/uploads\\\/cropped-cropped-Jan-Krehak-1.jpg\",\"width\":512,\"height\":512,\"caption\":\"Jan Krehak - tradi\u010dn\u00ed \u010d\u00ednsk\u00e1 medic\u00edna\"},\"image\":{\"@id\":\"http:\\\/\\\/jankrehak.cz\\\/cs\\\/#\\\/schema\\\/logo\\\/image\\\/\"},\"sameAs\":[\"https:\\\/\\\/www.facebook.com\\\/jankrehak.cz\\\/\",\"https:\\\/\\\/www.instagram.com\\\/masaze_jk\\\/\"]}]}<\/script>\n<!-- \/ Yoast SEO plugin. -->","yoast_head_json":{"title":"Jan Krehak - tradi\u010dn\u00ed \u010d\u00ednsk\u00e1 medic\u00edna (SLU\u017dBY)","description":"Jsem terapeut tradi\u010dn\u00ed \u010d\u00ednsk\u00e9 medic\u00edny. Zam\u011b\u0159uji se na akupunkturn\u00ed body a mas\u00e1\u017ee Tuina.","robots":{"index":"index","follow":"follow","max-snippet":"max-snippet:-1","max-image-preview":"max-image-preview:large","max-video-preview":"max-video-preview:-1"},"canonical":"https:\/\/jankrehak.cz\/cs\/sluzby\/","og_locale":"cs_CZ","og_type":"article","og_title":"Jan Krehak - tradi\u010dn\u00ed \u010d\u00ednsk\u00e1 medic\u00edna (SLU\u017dBY)","og_description":"Jsem terapeut tradi\u010dn\u00ed \u010d\u00ednsk\u00e9 medic\u00edny. Zam\u011b\u0159uji se na akupunkturn\u00ed body a mas\u00e1\u017ee Tuina.","og_url":"https:\/\/jankrehak.cz\/cs\/sluzby\/","og_site_name":"Jan Krehak - tradi\u010dn\u00ed \u010d\u00ednsk\u00e1 medic\u00edna","article_publisher":"https:\/\/www.facebook.com\/jankrehak.cz\/","article_modified_time":"2025-09-14T09:50:22+00:00","og_image":[{"width":1050,"height":600,"url":"https:\/\/jankrehak.cz\/wp-content\/uploads\/J\u00e1n-Kreh\u00e1k-1.jpg","type":"image\/jpeg"}],"twitter_card":"summary_large_image","twitter_misc":{"Odhadovan\u00e1 doba \u010dten\u00ed":"2 minuty"},"schema":{"@context":"https:\/\/schema.org","@graph":[{"@type":"WebPage","@id":"https:\/\/jankrehak.cz\/sluzby\/","url":"https:\/\/jankrehak.cz\/sluzby\/","name":"Jan Krehak - tradi\u010dn\u00ed \u010d\u00ednsk\u00e1 medic\u00edna (SLU\u017dBY)","isPartOf":{"@id":"http:\/\/jankrehak.cz\/cs\/#website"},"primaryImageOfPage":{"@id":"https:\/\/jankrehak.cz\/sluzby\/#primaryimage"},"image":{"@id":"https:\/\/jankrehak.cz\/sluzby\/#primaryimage"},"thumbnailUrl":"https:\/\/jankrehak.cz\/wp-content\/uploads\/J\u00e1n-Kreh\u00e1k-1.jpg","datePublished":"2020-05-18T07:43:25+00:00","dateModified":"2025-09-14T09:50:22+00:00","description":"Jsem terapeut tradi\u010dn\u00ed \u010d\u00ednsk\u00e9 medic\u00edny. Zam\u011b\u0159uji se na akupunkturn\u00ed body a mas\u00e1\u017ee Tuina.","breadcrumb":{"@id":"https:\/\/jankrehak.cz\/sluzby\/#breadcrumb"},"inLanguage":"cs","potentialAction":[{"@type":"ReadAction","target":["https:\/\/jankrehak.cz\/sluzby\/"]}]},{"@type":"ImageObject","inLanguage":"cs","@id":"https:\/\/jankrehak.cz\/sluzby\/#primaryimage","url":"https:\/\/jankrehak.cz\/wp-content\/uploads\/J\u00e1n-Kreh\u00e1k-1.jpg","contentUrl":"https:\/\/jankrehak.cz\/wp-content\/uploads\/J\u00e1n-Kreh\u00e1k-1.jpg","width":1050,"height":600},{"@type":"BreadcrumbList","@id":"https:\/\/jankrehak.cz\/sluzby\/#breadcrumb","itemListElement":[{"@type":"ListItem","position":1,"name":"Dom\u016f","item":"http:\/\/jankrehak.cz\/cs\/"},{"@type":"ListItem","position":2,"name":"SLU\u017dBY"}]},{"@type":"WebSite","@id":"http:\/\/jankrehak.cz\/cs\/#website","url":"http:\/\/jankrehak.cz\/cs\/","name":"Jan Krehak - tradi\u010dn\u00ed \u010d\u00ednsk\u00e1 medic\u00edna","description":"Jsem terapeut tradi\u010dn\u00ed \u010d\u00ednsk\u00e9 medic\u00edny. Zam\u011b\u0159uji se na akupunkturn\u00ed body a mas\u00e1\u017ee Tuina.","publisher":{"@id":"http:\/\/jankrehak.cz\/cs\/#organization"},"potentialAction":[{"@type":"SearchAction","target":{"@type":"EntryPoint","urlTemplate":"http:\/\/jankrehak.cz\/cs\/?s={search_term_string}"},"query-input":{"@type":"PropertyValueSpecification","valueRequired":true,"valueName":"search_term_string"}}],"inLanguage":"cs"},{"@type":"Organization","@id":"http:\/\/jankrehak.cz\/cs\/#organization","name":"Jan Krehak - tradi\u010dn\u00ed \u010d\u00ednsk\u00e1 medic\u00edna","url":"http:\/\/jankrehak.cz\/cs\/","logo":{"@type":"ImageObject","inLanguage":"cs","@id":"http:\/\/jankrehak.cz\/cs\/#\/schema\/logo\/image\/","url":"http:\/\/jankrehak.cz\/wp-content\/uploads\/cropped-cropped-Jan-Krehak-1.jpg","contentUrl":"http:\/\/jankrehak.cz\/wp-content\/uploads\/cropped-cropped-Jan-Krehak-1.jpg","width":512,"height":512,"caption":"Jan Krehak - tradi\u010dn\u00ed \u010d\u00ednsk\u00e1 medic\u00edna"},"image":{"@id":"http:\/\/jankrehak.cz\/cs\/#\/schema\/logo\/image\/"},"sameAs":["https:\/\/www.facebook.com\/jankrehak.cz\/","https:\/\/www.instagram.com\/masaze_jk\/"]}]}},"_links":{"self":[{"href":"https:\/\/jankrehak.cz\/cs\/wp-json\/wp\/v2\/pages\/8","targetHints":{"allow":["GET"]}}],"collection":[{"href":"https:\/\/jankrehak.cz\/cs\/wp-json\/wp\/v2\/pages"}],"about":[{"href":"https:\/\/jankrehak.cz\/cs\/wp-json\/wp\/v2\/types\/page"}],"author":[{"embeddable":true,"href":"https:\/\/jankrehak.cz\/cs\/wp-json\/wp\/v2\/users\/1"}],"replies":[{"embeddable":true,"href":"https:\/\/jankrehak.cz\/cs\/wp-json\/wp\/v2\/comments?post=8"}],"version-history":[{"count":36,"href":"https:\/\/jankrehak.cz\/cs\/wp-json\/wp\/v2\/pages\/8\/revisions"}],"predecessor-version":[{"id":607,"href":"https:\/\/jankrehak.cz\/cs\/wp-json\/wp\/v2\/pages\/8\/revisions\/607"}],"wp:featuredmedia":[{"embeddable":true,"href":"https:\/\/jankrehak.cz\/cs\/wp-json\/wp\/v2\/media\/432"}],"wp:attachment":[{"href":"https:\/\/jankrehak.cz\/cs\/wp-json\/wp\/v2\/media?parent=8"}],"curies":[{"name":"wp","href":"https:\/\/api.w.org\/{rel}","templated":true}]}}