{"id":8,"date":"2020-05-18T09:43:25","date_gmt":"2020-05-18T07:43:25","guid":{"rendered":"http:\/\/jankrehak.cz\/?page_id=8"},"modified":"2025-09-14T11:50:22","modified_gmt":"2025-09-14T09:50:22","slug":"sluzby","status":"publish","type":"page","link":"https:\/\/jankrehak.cz\/en\/sluzby\/","title":{"rendered":"SERVICES"},"content":{"rendered":"<h3 style=\"text-align: center;\"><span style=\"color: #000000;\">Therapies:<\/span><\/h3>\n<h4><span style=\"color: #000000;\"><strong>Vstupn\u00ed vy\u0161et\u0159en\u00ed T\u010cM + stimulace akupunkturn\u00edch bod\u016f<\/strong><\/span><\/h4>\n<h6><span style=\"color: #000000;\">The initial examination is carried out according to the rules of traditional Chinese medicine by questioning, examining the pulse, tongue, and recommending further therapy.<\/span><\/h6>\n<ul>\n<li><span style=\"color: #000000;\">60 &#8211; 90 minut &#8211; 1500 CZK<\/span><\/li>\n<\/ul>\n<h6><\/h6>\n<ul>\n<li><strong><span style=\"color: #000000; font-family: 'Josefin Sans', sans-serif; font-size: 1.25rem;\">Stimulace akupunkturn\u00edch bod\u016f-opakovan\u00e1 terapie\u00a0<\/span><\/strong><\/li>\n<\/ul>\n<h6><span style=\"color: #000000;\">Stimulation of the acupuncture points promotes an undisturbed flow of qi energy through the body. The acupuncture points are connected to individual organs or other parts of the body that they can influence. A wide range of ailments can be treated in this way.<\/span><\/h6>\n<ul>\n<li><span style=\"color: #000000;\">60 minut &#8211; 1000 CZK<\/span><\/li>\n<\/ul>\n<h3 style=\"text-align: center;\"><span style=\"color: #000000;\"><strong>Massages:<\/strong><\/span><\/h3>\n<h4 style=\"text-align: left;\"><span style=\"color: #000000;\">Chinese tuina massage<\/span><\/h4>\n<h6 style=\"text-align: left;\"><span style=\"color: #000000;\">Chinese tuina massage works with a system of acupuncture pathways and points, offering many ways to influence the health of the body and spirit. The goal of tuina massage is to restore the flow of qi energy in the pathways, thus restoring health to the body.<\/span><\/h6>\n<ul>\n<li style=\"text-align: left;\"><span style=\"color: #000000;\">60 minut &#8211; 1500 CZK<\/span><\/li>\n<li style=\"text-align: left;\"><span style=\"color: #000000;\">90 minut &#8211; 2000 CZK<\/span><\/li>\n<\/ul>\n<h4 style=\"text-align: left;\"><span style=\"color: #000000;\">Sports and Recreational Massage - various relaxation techniques - massage, flasks, acupuncture point stimulation, moxing, guasha<\/span><\/h4>\n<h6 style=\"text-align: left;\"><span style=\"color: #000000;\">Classic sports massage is designed to regenerate, relax and calm the body. It contributes to quick healing of injuries and prevents their occurrence, it also helps to smooth the function of the musculoskeletal system.<\/span><\/h6>\n<ul>\n<li style=\"text-align: left;\"><span style=\"color: #000000;\">60 minut &#8211; 1500 CZK<\/span><\/li>\n<li style=\"text-align: left;\"><span style=\"color: #000000;\">90 minut &#8211; 2000 CZK<\/span><\/li>\n<\/ul>\n<h4 style=\"text-align: left;\"><span style=\"color: #000000;\">Relaxing massage<\/span><\/h4>\n<h6 style=\"text-align: left;\"><span style=\"color: #000000;\">Relaxation massage is a means of combating stress, tension, emerging traumas and illnesses. It helps to relax the mind and body, strengthen vitality and improve the physical and mental state of the organism.<\/span><\/h6>\n<ul>\n<li style=\"text-align: left;\"><span style=\"color: #000000;\">60 minut &#8211; 1500 CZK<\/span><\/li>\n<li style=\"text-align: left;\"><span style=\"color: #000000;\">90 minut &#8211; 2000 CZK<\/span><\/li>\n<\/ul>\n<h4 style=\"text-align: left;\"><span style=\"color: #000000;\">Cupping<\/span><\/h4>\n<h6 style=\"text-align: left;\"><span style=\"color: #000000;\">It is performed using different sized glass flasks that are heated and applied to the skin. The blood supply to the tissues is increased and the desired therapeutic effect is achieved. The cupping relieves pain and also stimulates the internal organs through skin reflexes.<\/span><\/h6>\n<ul>\n<li style=\"text-align: left;\"><span style=\"color: #000000;\">40 minut &#8211; 850 CZK<\/span><\/li>\n<\/ul>\n<h5 style=\"text-align: left;\"><\/h5>","protected":false},"excerpt":{"rendered":"<p>Terapie: Vstupn\u00ed vy\u0161et\u0159en\u00ed T\u010cM + stimulace akupunkturn\u00edch bod\u016f Vstupn\u00ed vy\u0161et\u0159en\u00ed se prov\u00e1d\u00ed dle pravidel tradi\u010dn\u00ed \u010d\u00ednsk\u00e9 medic\u00edny dotazovan\u00edm, vy\u0161et\u0159en\u00edm pulzu, jazyka a doporu\u010d\u00ed se dal\u0161\u00ed postup terapi\u00ed. 60 &#8211; 90 &hellip; <a href=\"https:\/\/jankrehak.cz\/en\/sluzby\/\" class=\"more-link\"><span class=\"more-button\"><span class=\"screen-reader-text\">SERVICES<\/span><\/span><\/a><\/p>","protected":false},"author":1,"featured_media":432,"parent":0,"menu_order":0,"comment_status":"closed","ping_status":"closed","template":"","meta":{"footnotes":""},"class_list":["post-8","page","type-page","status-publish","has-post-thumbnail","hentry"],"yoast_head":"<!-- This site is optimized with the Yoast SEO plugin v27.6 - https:\/\/yoast.com\/product\/yoast-seo-wordpress\/ -->\n<title>Jan Krehak - tradi\u010dn\u00ed \u010d\u00ednsk\u00e1 medic\u00edna (SLU\u017dBY)<\/title>\n<meta name=\"description\" content=\"Jsem terapeut tradi\u010dn\u00ed \u010d\u00ednsk\u00e9 medic\u00edny. Zam\u011b\u0159uji se na akupunkturn\u00ed body a mas\u00e1\u017ee Tuina.\" \/>\n<meta name=\"robots\" content=\"index, follow, max-snippet:-1, max-image-preview:large, max-video-preview:-1\" \/>\n<link rel=\"canonical\" href=\"https:\/\/jankrehak.cz\/en\/sluzby\/\" \/>\n<meta property=\"og:locale\" content=\"en_US\" \/>\n<meta property=\"og:type\" content=\"article\" \/>\n<meta property=\"og:title\" content=\"Jan Krehak - tradi\u010dn\u00ed \u010d\u00ednsk\u00e1 medic\u00edna (SLU\u017dBY)\" \/>\n<meta property=\"og:description\" content=\"Jsem terapeut tradi\u010dn\u00ed \u010d\u00ednsk\u00e9 medic\u00edny. Zam\u011b\u0159uji se na akupunkturn\u00ed body a mas\u00e1\u017ee Tuina.\" \/>\n<meta property=\"og:url\" content=\"https:\/\/jankrehak.cz\/en\/sluzby\/\" \/>\n<meta property=\"og:site_name\" content=\"Jan Krehak - tradi\u010dn\u00ed \u010d\u00ednsk\u00e1 medic\u00edna\" \/>\n<meta property=\"article:publisher\" content=\"https:\/\/www.facebook.com\/jankrehak.cz\/\" \/>\n<meta property=\"article:modified_time\" content=\"2025-09-14T09:50:22+00:00\" \/>\n<meta property=\"og:image\" content=\"https:\/\/jankrehak.cz\/wp-content\/uploads\/J\u00e1n-Kreh\u00e1k-1.jpg\" \/>\n\t<meta property=\"og:image:width\" content=\"1050\" \/>\n\t<meta property=\"og:image:height\" content=\"600\" \/>\n\t<meta property=\"og:image:type\" content=\"image\/jpeg\" \/>\n<meta name=\"twitter:card\" content=\"summary_large_image\" \/>\n<meta name=\"twitter:label1\" content=\"Est. reading time\" \/>\n\t<meta name=\"twitter:data1\" content=\"2 minutes\" \/>\n<script type=\"application\/ld+json\" class=\"yoast-schema-graph\">{\"@context\":\"https:\\\/\\\/schema.org\",\"@graph\":[{\"@type\":\"WebPage\",\"@id\":\"https:\\\/\\\/jankrehak.cz\\\/sluzby\\\/\",\"url\":\"https:\\\/\\\/jankrehak.cz\\\/sluzby\\\/\",\"name\":\"Jan Krehak - tradi\u010dn\u00ed \u010d\u00ednsk\u00e1 medic\u00edna (SLU\u017dBY)\",\"isPartOf\":{\"@id\":\"http:\\\/\\\/jankrehak.cz\\\/cs\\\/#website\"},\"primaryImageOfPage\":{\"@id\":\"https:\\\/\\\/jankrehak.cz\\\/sluzby\\\/#primaryimage\"},\"image\":{\"@id\":\"https:\\\/\\\/jankrehak.cz\\\/sluzby\\\/#primaryimage\"},\"thumbnailUrl\":\"https:\\\/\\\/jankrehak.cz\\\/wp-content\\\/uploads\\\/J\u00e1n-Kreh\u00e1k-1.jpg\",\"datePublished\":\"2020-05-18T07:43:25+00:00\",\"dateModified\":\"2025-09-14T09:50:22+00:00\",\"description\":\"Jsem terapeut tradi\u010dn\u00ed \u010d\u00ednsk\u00e9 medic\u00edny. Zam\u011b\u0159uji se na akupunkturn\u00ed body a mas\u00e1\u017ee Tuina.\",\"breadcrumb\":{\"@id\":\"https:\\\/\\\/jankrehak.cz\\\/sluzby\\\/#breadcrumb\"},\"inLanguage\":\"en-US\",\"potentialAction\":[{\"@type\":\"ReadAction\",\"target\":[\"https:\\\/\\\/jankrehak.cz\\\/sluzby\\\/\"]}]},{\"@type\":\"ImageObject\",\"inLanguage\":\"en-US\",\"@id\":\"https:\\\/\\\/jankrehak.cz\\\/sluzby\\\/#primaryimage\",\"url\":\"https:\\\/\\\/jankrehak.cz\\\/wp-content\\\/uploads\\\/J\u00e1n-Kreh\u00e1k-1.jpg\",\"contentUrl\":\"https:\\\/\\\/jankrehak.cz\\\/wp-content\\\/uploads\\\/J\u00e1n-Kreh\u00e1k-1.jpg\",\"width\":1050,\"height\":600},{\"@type\":\"BreadcrumbList\",\"@id\":\"https:\\\/\\\/jankrehak.cz\\\/sluzby\\\/#breadcrumb\",\"itemListElement\":[{\"@type\":\"ListItem\",\"position\":1,\"name\":\"Dom\u016f\",\"item\":\"http:\\\/\\\/jankrehak.cz\\\/cs\\\/\"},{\"@type\":\"ListItem\",\"position\":2,\"name\":\"SLU\u017dBY\"}]},{\"@type\":\"WebSite\",\"@id\":\"http:\\\/\\\/jankrehak.cz\\\/cs\\\/#website\",\"url\":\"http:\\\/\\\/jankrehak.cz\\\/cs\\\/\",\"name\":\"Jan Krehak - tradi\u010dn\u00ed \u010d\u00ednsk\u00e1 medic\u00edna\",\"description\":\"Jsem terapeut tradi\u010dn\u00ed \u010d\u00ednsk\u00e9 medic\u00edny. Zam\u011b\u0159uji se na akupunkturn\u00ed body a mas\u00e1\u017ee Tuina.\",\"publisher\":{\"@id\":\"http:\\\/\\\/jankrehak.cz\\\/cs\\\/#organization\"},\"potentialAction\":[{\"@type\":\"SearchAction\",\"target\":{\"@type\":\"EntryPoint\",\"urlTemplate\":\"http:\\\/\\\/jankrehak.cz\\\/cs\\\/?s={search_term_string}\"},\"query-input\":{\"@type\":\"PropertyValueSpecification\",\"valueRequired\":true,\"valueName\":\"search_term_string\"}}],\"inLanguage\":\"en-US\"},{\"@type\":\"Organization\",\"@id\":\"http:\\\/\\\/jankrehak.cz\\\/cs\\\/#organization\",\"name\":\"Jan Krehak - tradi\u010dn\u00ed \u010d\u00ednsk\u00e1 medic\u00edna\",\"url\":\"http:\\\/\\\/jankrehak.cz\\\/cs\\\/\",\"logo\":{\"@type\":\"ImageObject\",\"inLanguage\":\"en-US\",\"@id\":\"http:\\\/\\\/jankrehak.cz\\\/cs\\\/#\\\/schema\\\/logo\\\/image\\\/\",\"url\":\"http:\\\/\\\/jankrehak.cz\\\/wp-content\\\/uploads\\\/cropped-cropped-Jan-Krehak-1.jpg\",\"contentUrl\":\"http:\\\/\\\/jankrehak.cz\\\/wp-content\\\/uploads\\\/cropped-cropped-Jan-Krehak-1.jpg\",\"width\":512,\"height\":512,\"caption\":\"Jan Krehak - tradi\u010dn\u00ed \u010d\u00ednsk\u00e1 medic\u00edna\"},\"image\":{\"@id\":\"http:\\\/\\\/jankrehak.cz\\\/cs\\\/#\\\/schema\\\/logo\\\/image\\\/\"},\"sameAs\":[\"https:\\\/\\\/www.facebook.com\\\/jankrehak.cz\\\/\",\"https:\\\/\\\/www.instagram.com\\\/masaze_jk\\\/\"]}]}<\/script>\n<!-- \/ Yoast SEO plugin. -->","yoast_head_json":{"title":"Jan Krehak - tradi\u010dn\u00ed \u010d\u00ednsk\u00e1 medic\u00edna (SLU\u017dBY)","description":"Jsem terapeut tradi\u010dn\u00ed \u010d\u00ednsk\u00e9 medic\u00edny. Zam\u011b\u0159uji se na akupunkturn\u00ed body a mas\u00e1\u017ee Tuina.","robots":{"index":"index","follow":"follow","max-snippet":"max-snippet:-1","max-image-preview":"max-image-preview:large","max-video-preview":"max-video-preview:-1"},"canonical":"https:\/\/jankrehak.cz\/en\/sluzby\/","og_locale":"en_US","og_type":"article","og_title":"Jan Krehak - tradi\u010dn\u00ed \u010d\u00ednsk\u00e1 medic\u00edna (SLU\u017dBY)","og_description":"Jsem terapeut tradi\u010dn\u00ed \u010d\u00ednsk\u00e9 medic\u00edny. Zam\u011b\u0159uji se na akupunkturn\u00ed body a mas\u00e1\u017ee Tuina.","og_url":"https:\/\/jankrehak.cz\/en\/sluzby\/","og_site_name":"Jan Krehak - tradi\u010dn\u00ed \u010d\u00ednsk\u00e1 medic\u00edna","article_publisher":"https:\/\/www.facebook.com\/jankrehak.cz\/","article_modified_time":"2025-09-14T09:50:22+00:00","og_image":[{"width":1050,"height":600,"url":"https:\/\/jankrehak.cz\/wp-content\/uploads\/J\u00e1n-Kreh\u00e1k-1.jpg","type":"image\/jpeg"}],"twitter_card":"summary_large_image","twitter_misc":{"Est. reading time":"2 minutes"},"schema":{"@context":"https:\/\/schema.org","@graph":[{"@type":"WebPage","@id":"https:\/\/jankrehak.cz\/sluzby\/","url":"https:\/\/jankrehak.cz\/sluzby\/","name":"Jan Krehak - tradi\u010dn\u00ed \u010d\u00ednsk\u00e1 medic\u00edna (SLU\u017dBY)","isPartOf":{"@id":"http:\/\/jankrehak.cz\/cs\/#website"},"primaryImageOfPage":{"@id":"https:\/\/jankrehak.cz\/sluzby\/#primaryimage"},"image":{"@id":"https:\/\/jankrehak.cz\/sluzby\/#primaryimage"},"thumbnailUrl":"https:\/\/jankrehak.cz\/wp-content\/uploads\/J\u00e1n-Kreh\u00e1k-1.jpg","datePublished":"2020-05-18T07:43:25+00:00","dateModified":"2025-09-14T09:50:22+00:00","description":"Jsem terapeut tradi\u010dn\u00ed \u010d\u00ednsk\u00e9 medic\u00edny. Zam\u011b\u0159uji se na akupunkturn\u00ed body a mas\u00e1\u017ee Tuina.","breadcrumb":{"@id":"https:\/\/jankrehak.cz\/sluzby\/#breadcrumb"},"inLanguage":"en-US","potentialAction":[{"@type":"ReadAction","target":["https:\/\/jankrehak.cz\/sluzby\/"]}]},{"@type":"ImageObject","inLanguage":"en-US","@id":"https:\/\/jankrehak.cz\/sluzby\/#primaryimage","url":"https:\/\/jankrehak.cz\/wp-content\/uploads\/J\u00e1n-Kreh\u00e1k-1.jpg","contentUrl":"https:\/\/jankrehak.cz\/wp-content\/uploads\/J\u00e1n-Kreh\u00e1k-1.jpg","width":1050,"height":600},{"@type":"BreadcrumbList","@id":"https:\/\/jankrehak.cz\/sluzby\/#breadcrumb","itemListElement":[{"@type":"ListItem","position":1,"name":"Dom\u016f","item":"http:\/\/jankrehak.cz\/cs\/"},{"@type":"ListItem","position":2,"name":"SLU\u017dBY"}]},{"@type":"WebSite","@id":"http:\/\/jankrehak.cz\/cs\/#website","url":"http:\/\/jankrehak.cz\/cs\/","name":"Jan Krehak - tradi\u010dn\u00ed \u010d\u00ednsk\u00e1 medic\u00edna","description":"Jsem terapeut tradi\u010dn\u00ed \u010d\u00ednsk\u00e9 medic\u00edny. Zam\u011b\u0159uji se na akupunkturn\u00ed body a mas\u00e1\u017ee Tuina.","publisher":{"@id":"http:\/\/jankrehak.cz\/cs\/#organization"},"potentialAction":[{"@type":"SearchAction","target":{"@type":"EntryPoint","urlTemplate":"http:\/\/jankrehak.cz\/cs\/?s={search_term_string}"},"query-input":{"@type":"PropertyValueSpecification","valueRequired":true,"valueName":"search_term_string"}}],"inLanguage":"en-US"},{"@type":"Organization","@id":"http:\/\/jankrehak.cz\/cs\/#organization","name":"Jan Krehak - tradi\u010dn\u00ed \u010d\u00ednsk\u00e1 medic\u00edna","url":"http:\/\/jankrehak.cz\/cs\/","logo":{"@type":"ImageObject","inLanguage":"en-US","@id":"http:\/\/jankrehak.cz\/cs\/#\/schema\/logo\/image\/","url":"http:\/\/jankrehak.cz\/wp-content\/uploads\/cropped-cropped-Jan-Krehak-1.jpg","contentUrl":"http:\/\/jankrehak.cz\/wp-content\/uploads\/cropped-cropped-Jan-Krehak-1.jpg","width":512,"height":512,"caption":"Jan Krehak - tradi\u010dn\u00ed \u010d\u00ednsk\u00e1 medic\u00edna"},"image":{"@id":"http:\/\/jankrehak.cz\/cs\/#\/schema\/logo\/image\/"},"sameAs":["https:\/\/www.facebook.com\/jankrehak.cz\/","https:\/\/www.instagram.com\/masaze_jk\/"]}]}},"_links":{"self":[{"href":"https:\/\/jankrehak.cz\/en\/wp-json\/wp\/v2\/pages\/8","targetHints":{"allow":["GET"]}}],"collection":[{"href":"https:\/\/jankrehak.cz\/en\/wp-json\/wp\/v2\/pages"}],"about":[{"href":"https:\/\/jankrehak.cz\/en\/wp-json\/wp\/v2\/types\/page"}],"author":[{"embeddable":true,"href":"https:\/\/jankrehak.cz\/en\/wp-json\/wp\/v2\/users\/1"}],"replies":[{"embeddable":true,"href":"https:\/\/jankrehak.cz\/en\/wp-json\/wp\/v2\/comments?post=8"}],"version-history":[{"count":36,"href":"https:\/\/jankrehak.cz\/en\/wp-json\/wp\/v2\/pages\/8\/revisions"}],"predecessor-version":[{"id":607,"href":"https:\/\/jankrehak.cz\/en\/wp-json\/wp\/v2\/pages\/8\/revisions\/607"}],"wp:featuredmedia":[{"embeddable":true,"href":"https:\/\/jankrehak.cz\/en\/wp-json\/wp\/v2\/media\/432"}],"wp:attachment":[{"href":"https:\/\/jankrehak.cz\/en\/wp-json\/wp\/v2\/media?parent=8"}],"curies":[{"name":"wp","href":"https:\/\/api.w.org\/{rel}","templated":true}]}}