{"id":9,"date":"2020-05-18T09:43:25","date_gmt":"2020-05-18T07:43:25","guid":{"rendered":"http:\/\/jankrehak.cz\/?page_id=9"},"modified":"2025-09-13T11:25:51","modified_gmt":"2025-09-13T09:25:51","slug":"kontakt","status":"publish","type":"page","link":"https:\/\/jankrehak.cz\/en\/kontakt\/","title":{"rendered":"CONTACT"},"content":{"rendered":"<h5 style=\"text-align: center;\">\u00a0<\/h5>\n<h3 id=\"wnd_TextBlock_890353135_inner_0\" class=\"wp-block-heading\"><strong>STORNO POPLATEK \u2013 N\u00c1HRADA\u00a0<\/strong><\/h3>\n<p id=\"wnd_TextBlock_890353135_inner_1\">P\u0159i\u00a0<strong>nedodr\u017een\u00ed rezervovan\u00e9ho term\u00ednu z jak\u00e9hokoli d\u016fvodu, v dob\u011b krat\u0161\u00ed ne\u017e 24 hodin<\/strong>\u00a0p\u0159ed o\u0161et\u0159en\u00edm \u010din\u00ed storno poplatek <strong>100% ceny dan\u00e9 terapie.\u00a0<\/strong><\/p>\n<p id=\"wnd_TextBlock_890353135_inner_3\"><strong>N\u00e1sledn\u011b nutn\u00e1 platba p\u0159edem za danou terapii, kter\u00e1 v p\u0159\u00edpad\u011b op\u011btovn\u00e9ho nedostaven\u00ed se v pln\u00e9 v\u00fd\u0161i propad\u00e1 a nen\u00ed mo\u017eno se znovu objednat.<\/strong><\/p>\n<p id=\"wnd_TextBlock_890353135_inner_5\"><a href=\"https:\/\/www.mesec.cz\/clanky\/muze-po-vas-poskytovatel-sluzeb-chtit-poplatek-ze-nedorazite-na-domluveny-termin\/\" target=\"_blank\" rel=\"noreferrer noopener\"><strong>M\u016e\u017dE PO V\u00c1S POSKYTOVATEL SLU\u017dEB CHT\u00cdT STORNO POPLATEK \u2013 N\u00c1HRADU \u00daJMY, KDY\u017d NEDODR\u017d\u00cdTE TERM\u00cdN \u2013 ANO, v\u00edce zde<\/strong><\/a><\/p>\n<h5 style=\"text-align: center;\">\u00a0<\/h5>\n<p><span style=\"color: #000000;\">Jan Krehak<\/span><\/p>\n<p><span style=\"color: #000000;\">Adress:<\/span><\/p>\n<p><span style=\"color: #000000;\">Revolu\u010dn\u00ed 20,<br \/>110 00, Praha 1<br \/>Petrsk\u00e1 \u010dtvr\u0165<\/span><\/p>\n<p><span style=\"color: #000000; font-size: revert;\">I\u010c: 08154554<\/span><\/p>\n<p><span style=\"color: #000000;\">For ordering please contact me by phone by prior arrangement.<\/span><\/p>\n<ul>\n<li><span style=\"color: #000000;\"><strong>Tel. Kontakt:\u00a0<\/strong>(+420) 776 372 237<\/span><\/li>\n<li><span style=\"color: #000000;\"><strong>E-mail: <\/strong><a href=\"mailto:jankokrehak@gmail.com\">jankokrehak@gmail.com<\/a><\/span><\/li>\n<\/ul>\n\n\n<p><\/p>","protected":false},"excerpt":{"rendered":"<p>\u00a0 STORNO POPLATEK \u2013 N\u00c1HRADA\u00a0 P\u0159i\u00a0nedodr\u017een\u00ed rezervovan\u00e9ho term\u00ednu z jak\u00e9hokoli d\u016fvodu, v dob\u011b krat\u0161\u00ed ne\u017e 24 hodin\u00a0p\u0159ed o\u0161et\u0159en\u00edm \u010din\u00ed storno poplatek 100% ceny dan\u00e9 terapie.\u00a0 N\u00e1sledn\u011b nutn\u00e1 platba p\u0159edem za &hellip; <a href=\"https:\/\/jankrehak.cz\/en\/kontakt\/\" class=\"more-link\"><span class=\"more-button\"><span class=\"screen-reader-text\">CONTACT<\/span><\/span><\/a><\/p>","protected":false},"author":1,"featured_media":432,"parent":0,"menu_order":0,"comment_status":"closed","ping_status":"closed","template":"","meta":{"footnotes":""},"class_list":["post-9","page","type-page","status-publish","has-post-thumbnail","hentry"],"yoast_head":"<!-- This site is optimized with the Yoast SEO plugin v27.6 - https:\/\/yoast.com\/product\/yoast-seo-wordpress\/ -->\n<title>KONTAKT - Jan Krehak - tradi\u010dn\u00ed \u010d\u00ednsk\u00e1 medic\u00edna<\/title>\n<meta name=\"description\" content=\"Jsem terapeut tradi\u010dn\u00ed \u010d\u00ednsk\u00e9 medic\u00edny. Zam\u011b\u0159uji se na akupunkturn\u00ed body a mas\u00e1\u017ee Tuina.\" \/>\n<meta name=\"robots\" content=\"index, follow, max-snippet:-1, max-image-preview:large, max-video-preview:-1\" \/>\n<link rel=\"canonical\" href=\"https:\/\/jankrehak.cz\/en\/kontakt\/\" \/>\n<meta property=\"og:locale\" content=\"en_US\" \/>\n<meta property=\"og:type\" content=\"article\" \/>\n<meta property=\"og:title\" content=\"Jan Kreh\u00e1k - tradi\u010dn\u00ed \u010d\u00ednsk\u00e9 mas\u00e1\u017ee\" \/>\n<meta property=\"og:description\" content=\"Jsem terapeut tradi\u010dn\u00ed \u010d\u00ednsk\u00e9 medic\u00edny. Zam\u011b\u0159uji se na akupunkturn\u00ed body a mas\u00e1\u017ee Tuina.\" \/>\n<meta property=\"og:url\" content=\"https:\/\/jankrehak.cz\/en\/kontakt\/\" \/>\n<meta property=\"og:site_name\" content=\"Jan Krehak - tradi\u010dn\u00ed \u010d\u00ednsk\u00e1 medic\u00edna\" \/>\n<meta property=\"article:publisher\" content=\"https:\/\/www.facebook.com\/jankrehak.cz\/\" \/>\n<meta property=\"article:modified_time\" content=\"2025-09-13T09:25:51+00:00\" \/>\n<meta property=\"og:image\" content=\"https:\/\/jankrehak.cz\/wp-content\/uploads\/2020\/05\/cropped-IMG_5584-3.jpg\" \/>\n\t<meta property=\"og:image:width\" content=\"3823\" \/>\n\t<meta property=\"og:image:height\" content=\"3823\" \/>\n\t<meta property=\"og:image:type\" content=\"image\/jpeg\" \/>\n<meta name=\"twitter:card\" content=\"summary_large_image\" \/>\n<meta name=\"twitter:label1\" content=\"Est. reading time\" \/>\n\t<meta name=\"twitter:data1\" content=\"1 minute\" \/>\n<script type=\"application\/ld+json\" class=\"yoast-schema-graph\">{\"@context\":\"https:\\\/\\\/schema.org\",\"@graph\":[{\"@type\":\"WebPage\",\"@id\":\"https:\\\/\\\/jankrehak.cz\\\/kontakt\\\/\",\"url\":\"https:\\\/\\\/jankrehak.cz\\\/kontakt\\\/\",\"name\":\"KONTAKT - Jan Krehak - tradi\u010dn\u00ed \u010d\u00ednsk\u00e1 medic\u00edna\",\"isPartOf\":{\"@id\":\"http:\\\/\\\/jankrehak.cz\\\/cs\\\/#website\"},\"primaryImageOfPage\":{\"@id\":\"https:\\\/\\\/jankrehak.cz\\\/kontakt\\\/#primaryimage\"},\"image\":{\"@id\":\"https:\\\/\\\/jankrehak.cz\\\/kontakt\\\/#primaryimage\"},\"thumbnailUrl\":\"https:\\\/\\\/jankrehak.cz\\\/wp-content\\\/uploads\\\/J\u00e1n-Kreh\u00e1k-1.jpg\",\"datePublished\":\"2020-05-18T07:43:25+00:00\",\"dateModified\":\"2025-09-13T09:25:51+00:00\",\"description\":\"Jsem terapeut tradi\u010dn\u00ed \u010d\u00ednsk\u00e9 medic\u00edny. Zam\u011b\u0159uji se na akupunkturn\u00ed body a mas\u00e1\u017ee Tuina.\",\"breadcrumb\":{\"@id\":\"https:\\\/\\\/jankrehak.cz\\\/kontakt\\\/#breadcrumb\"},\"inLanguage\":\"en-US\",\"potentialAction\":[{\"@type\":\"ReadAction\",\"target\":[\"https:\\\/\\\/jankrehak.cz\\\/kontakt\\\/\"]}]},{\"@type\":\"ImageObject\",\"inLanguage\":\"en-US\",\"@id\":\"https:\\\/\\\/jankrehak.cz\\\/kontakt\\\/#primaryimage\",\"url\":\"https:\\\/\\\/jankrehak.cz\\\/wp-content\\\/uploads\\\/J\u00e1n-Kreh\u00e1k-1.jpg\",\"contentUrl\":\"https:\\\/\\\/jankrehak.cz\\\/wp-content\\\/uploads\\\/J\u00e1n-Kreh\u00e1k-1.jpg\",\"width\":1050,\"height\":600},{\"@type\":\"BreadcrumbList\",\"@id\":\"https:\\\/\\\/jankrehak.cz\\\/kontakt\\\/#breadcrumb\",\"itemListElement\":[{\"@type\":\"ListItem\",\"position\":1,\"name\":\"Dom\u016f\",\"item\":\"http:\\\/\\\/jankrehak.cz\\\/cs\\\/\"},{\"@type\":\"ListItem\",\"position\":2,\"name\":\"KONTAKT\"}]},{\"@type\":\"WebSite\",\"@id\":\"http:\\\/\\\/jankrehak.cz\\\/cs\\\/#website\",\"url\":\"http:\\\/\\\/jankrehak.cz\\\/cs\\\/\",\"name\":\"Jan Krehak - tradi\u010dn\u00ed \u010d\u00ednsk\u00e1 medic\u00edna\",\"description\":\"Jsem terapeut tradi\u010dn\u00ed \u010d\u00ednsk\u00e9 medic\u00edny. Zam\u011b\u0159uji se na akupunkturn\u00ed body a mas\u00e1\u017ee Tuina.\",\"publisher\":{\"@id\":\"http:\\\/\\\/jankrehak.cz\\\/cs\\\/#organization\"},\"potentialAction\":[{\"@type\":\"SearchAction\",\"target\":{\"@type\":\"EntryPoint\",\"urlTemplate\":\"http:\\\/\\\/jankrehak.cz\\\/cs\\\/?s={search_term_string}\"},\"query-input\":{\"@type\":\"PropertyValueSpecification\",\"valueRequired\":true,\"valueName\":\"search_term_string\"}}],\"inLanguage\":\"en-US\"},{\"@type\":\"Organization\",\"@id\":\"http:\\\/\\\/jankrehak.cz\\\/cs\\\/#organization\",\"name\":\"Jan Krehak - tradi\u010dn\u00ed \u010d\u00ednsk\u00e1 medic\u00edna\",\"url\":\"http:\\\/\\\/jankrehak.cz\\\/cs\\\/\",\"logo\":{\"@type\":\"ImageObject\",\"inLanguage\":\"en-US\",\"@id\":\"http:\\\/\\\/jankrehak.cz\\\/cs\\\/#\\\/schema\\\/logo\\\/image\\\/\",\"url\":\"http:\\\/\\\/jankrehak.cz\\\/wp-content\\\/uploads\\\/cropped-cropped-Jan-Krehak-1.jpg\",\"contentUrl\":\"http:\\\/\\\/jankrehak.cz\\\/wp-content\\\/uploads\\\/cropped-cropped-Jan-Krehak-1.jpg\",\"width\":512,\"height\":512,\"caption\":\"Jan Krehak - tradi\u010dn\u00ed \u010d\u00ednsk\u00e1 medic\u00edna\"},\"image\":{\"@id\":\"http:\\\/\\\/jankrehak.cz\\\/cs\\\/#\\\/schema\\\/logo\\\/image\\\/\"},\"sameAs\":[\"https:\\\/\\\/www.facebook.com\\\/jankrehak.cz\\\/\",\"https:\\\/\\\/www.instagram.com\\\/masaze_jk\\\/\"]}]}<\/script>\n<!-- \/ Yoast SEO plugin. -->","yoast_head_json":{"title":"KONTAKT - Jan Krehak - tradi\u010dn\u00ed \u010d\u00ednsk\u00e1 medic\u00edna","description":"Jsem terapeut tradi\u010dn\u00ed \u010d\u00ednsk\u00e9 medic\u00edny. Zam\u011b\u0159uji se na akupunkturn\u00ed body a mas\u00e1\u017ee Tuina.","robots":{"index":"index","follow":"follow","max-snippet":"max-snippet:-1","max-image-preview":"max-image-preview:large","max-video-preview":"max-video-preview:-1"},"canonical":"https:\/\/jankrehak.cz\/en\/kontakt\/","og_locale":"en_US","og_type":"article","og_title":"Jan Kreh\u00e1k - tradi\u010dn\u00ed \u010d\u00ednsk\u00e9 mas\u00e1\u017ee","og_description":"Jsem terapeut tradi\u010dn\u00ed \u010d\u00ednsk\u00e9 medic\u00edny. Zam\u011b\u0159uji se na akupunkturn\u00ed body a mas\u00e1\u017ee Tuina.","og_url":"https:\/\/jankrehak.cz\/en\/kontakt\/","og_site_name":"Jan Krehak - tradi\u010dn\u00ed \u010d\u00ednsk\u00e1 medic\u00edna","article_publisher":"https:\/\/www.facebook.com\/jankrehak.cz\/","article_modified_time":"2025-09-13T09:25:51+00:00","og_image":[{"width":3823,"height":3823,"url":"https:\/\/jankrehak.cz\/wp-content\/uploads\/2020\/05\/cropped-IMG_5584-3.jpg","type":"image\/jpeg"}],"twitter_card":"summary_large_image","twitter_misc":{"Est. reading time":"1 minute"},"schema":{"@context":"https:\/\/schema.org","@graph":[{"@type":"WebPage","@id":"https:\/\/jankrehak.cz\/kontakt\/","url":"https:\/\/jankrehak.cz\/kontakt\/","name":"KONTAKT - Jan Krehak - tradi\u010dn\u00ed \u010d\u00ednsk\u00e1 medic\u00edna","isPartOf":{"@id":"http:\/\/jankrehak.cz\/cs\/#website"},"primaryImageOfPage":{"@id":"https:\/\/jankrehak.cz\/kontakt\/#primaryimage"},"image":{"@id":"https:\/\/jankrehak.cz\/kontakt\/#primaryimage"},"thumbnailUrl":"https:\/\/jankrehak.cz\/wp-content\/uploads\/J\u00e1n-Kreh\u00e1k-1.jpg","datePublished":"2020-05-18T07:43:25+00:00","dateModified":"2025-09-13T09:25:51+00:00","description":"Jsem terapeut tradi\u010dn\u00ed \u010d\u00ednsk\u00e9 medic\u00edny. Zam\u011b\u0159uji se na akupunkturn\u00ed body a mas\u00e1\u017ee Tuina.","breadcrumb":{"@id":"https:\/\/jankrehak.cz\/kontakt\/#breadcrumb"},"inLanguage":"en-US","potentialAction":[{"@type":"ReadAction","target":["https:\/\/jankrehak.cz\/kontakt\/"]}]},{"@type":"ImageObject","inLanguage":"en-US","@id":"https:\/\/jankrehak.cz\/kontakt\/#primaryimage","url":"https:\/\/jankrehak.cz\/wp-content\/uploads\/J\u00e1n-Kreh\u00e1k-1.jpg","contentUrl":"https:\/\/jankrehak.cz\/wp-content\/uploads\/J\u00e1n-Kreh\u00e1k-1.jpg","width":1050,"height":600},{"@type":"BreadcrumbList","@id":"https:\/\/jankrehak.cz\/kontakt\/#breadcrumb","itemListElement":[{"@type":"ListItem","position":1,"name":"Dom\u016f","item":"http:\/\/jankrehak.cz\/cs\/"},{"@type":"ListItem","position":2,"name":"KONTAKT"}]},{"@type":"WebSite","@id":"http:\/\/jankrehak.cz\/cs\/#website","url":"http:\/\/jankrehak.cz\/cs\/","name":"Jan Krehak - tradi\u010dn\u00ed \u010d\u00ednsk\u00e1 medic\u00edna","description":"Jsem terapeut tradi\u010dn\u00ed \u010d\u00ednsk\u00e9 medic\u00edny. Zam\u011b\u0159uji se na akupunkturn\u00ed body a mas\u00e1\u017ee Tuina.","publisher":{"@id":"http:\/\/jankrehak.cz\/cs\/#organization"},"potentialAction":[{"@type":"SearchAction","target":{"@type":"EntryPoint","urlTemplate":"http:\/\/jankrehak.cz\/cs\/?s={search_term_string}"},"query-input":{"@type":"PropertyValueSpecification","valueRequired":true,"valueName":"search_term_string"}}],"inLanguage":"en-US"},{"@type":"Organization","@id":"http:\/\/jankrehak.cz\/cs\/#organization","name":"Jan Krehak - tradi\u010dn\u00ed \u010d\u00ednsk\u00e1 medic\u00edna","url":"http:\/\/jankrehak.cz\/cs\/","logo":{"@type":"ImageObject","inLanguage":"en-US","@id":"http:\/\/jankrehak.cz\/cs\/#\/schema\/logo\/image\/","url":"http:\/\/jankrehak.cz\/wp-content\/uploads\/cropped-cropped-Jan-Krehak-1.jpg","contentUrl":"http:\/\/jankrehak.cz\/wp-content\/uploads\/cropped-cropped-Jan-Krehak-1.jpg","width":512,"height":512,"caption":"Jan Krehak - tradi\u010dn\u00ed \u010d\u00ednsk\u00e1 medic\u00edna"},"image":{"@id":"http:\/\/jankrehak.cz\/cs\/#\/schema\/logo\/image\/"},"sameAs":["https:\/\/www.facebook.com\/jankrehak.cz\/","https:\/\/www.instagram.com\/masaze_jk\/"]}]}},"_links":{"self":[{"href":"https:\/\/jankrehak.cz\/en\/wp-json\/wp\/v2\/pages\/9","targetHints":{"allow":["GET"]}}],"collection":[{"href":"https:\/\/jankrehak.cz\/en\/wp-json\/wp\/v2\/pages"}],"about":[{"href":"https:\/\/jankrehak.cz\/en\/wp-json\/wp\/v2\/types\/page"}],"author":[{"embeddable":true,"href":"https:\/\/jankrehak.cz\/en\/wp-json\/wp\/v2\/users\/1"}],"replies":[{"embeddable":true,"href":"https:\/\/jankrehak.cz\/en\/wp-json\/wp\/v2\/comments?post=9"}],"version-history":[{"count":26,"href":"https:\/\/jankrehak.cz\/en\/wp-json\/wp\/v2\/pages\/9\/revisions"}],"predecessor-version":[{"id":596,"href":"https:\/\/jankrehak.cz\/en\/wp-json\/wp\/v2\/pages\/9\/revisions\/596"}],"wp:featuredmedia":[{"embeddable":true,"href":"https:\/\/jankrehak.cz\/en\/wp-json\/wp\/v2\/media\/432"}],"wp:attachment":[{"href":"https:\/\/jankrehak.cz\/en\/wp-json\/wp\/v2\/media?parent=9"}],"curies":[{"name":"wp","href":"https:\/\/api.w.org\/{rel}","templated":true}]}}